{"id":1344,"date":"2022-07-10T22:08:24","date_gmt":"2022-07-10T21:08:24","guid":{"rendered":"https:\/\/workvalue.net\/education\/businessx-front-page-2\/"},"modified":"2023-01-30T13:28:38","modified_gmt":"2023-01-30T13:28:38","slug":"formacao-executiva","status":"publish","type":"page","link":"https:\/\/workvalue.net\/education\/","title":{"rendered":"Forma\u00e7\u00e3o Executiva"},"content":{"rendered":"","protected":false},"excerpt":{"rendered":"","protected":false},"author":1,"featured_media":0,"parent":0,"menu_order":0,"comment_status":"closed","ping_status":"closed","template":"template-frontpage.php","meta":[],"yoast_head":"<!-- This site is optimized with the Yoast SEO plugin v20.0 - https:\/\/yoast.com\/wordpress\/plugins\/seo\/ -->\n<title>Forma\u00e7\u00e3o Executiva - Marketing Mindset Academy\u2122<\/title>\n<meta name=\"description\" content=\"Experi\u00eancias formativas para micro empresas e startups em Estrat\u00e9gia de Marketing. Solu\u00e7\u00f5es pedag\u00f3gicas e servi\u00e7os desenhados \u00e0 medida\" \/>\n<meta name=\"robots\" content=\"index, follow, max-snippet:-1, max-image-preview:large, max-video-preview:-1\" \/>\n<link rel=\"canonical\" href=\"https:\/\/workvalue.net\/education\/\" \/>\n<meta property=\"og:locale\" content=\"en_GB\" \/>\n<meta property=\"og:type\" content=\"article\" \/>\n<meta property=\"og:title\" content=\"Forma\u00e7\u00e3o Executiva - Marketing Mindset Academy\u2122\" \/>\n<meta property=\"og:description\" content=\"Experi\u00eancias formativas para micro empresas e startups em Estrat\u00e9gia de Marketing. Solu\u00e7\u00f5es pedag\u00f3gicas e servi\u00e7os desenhados \u00e0 medida\" \/>\n<meta property=\"og:url\" content=\"https:\/\/workvalue.net\/education\/\" \/>\n<meta property=\"og:site_name\" content=\"Marketing Mindset Academy\u2122\" \/>\n<meta property=\"article:modified_time\" content=\"2023-01-30T13:28:38+00:00\" \/>\n<meta property=\"og:image\" content=\"https:\/\/workvalue.net\/education\/wp-content\/uploads\/2023\/01\/FIRST-Cover-Facebook2.png\" \/>\n\t<meta property=\"og:image:width\" content=\"523\" \/>\n\t<meta property=\"og:image:height\" content=\"272\" \/>\n\t<meta property=\"og:image:type\" content=\"image\/png\" \/>\n<meta name=\"twitter:card\" content=\"summary_large_image\" \/>\n<script type=\"application\/ld+json\" class=\"yoast-schema-graph\">{\"@context\":\"https:\/\/schema.org\",\"@graph\":[{\"@type\":\"WebPage\",\"@id\":\"https:\/\/workvalue.net\/education\/\",\"url\":\"https:\/\/workvalue.net\/education\/\",\"name\":\"Forma\u00e7\u00e3o Executiva - Marketing Mindset Academy\u2122\",\"isPartOf\":{\"@id\":\"https:\/\/workvalue.net\/education\/#website\"},\"datePublished\":\"2022-07-10T21:08:24+00:00\",\"dateModified\":\"2023-01-30T13:28:38+00:00\",\"description\":\"Experi\u00eancias formativas para micro empresas e startups em Estrat\u00e9gia de Marketing. Solu\u00e7\u00f5es pedag\u00f3gicas e servi\u00e7os desenhados \u00e0 medida\",\"breadcrumb\":{\"@id\":\"https:\/\/workvalue.net\/education\/#breadcrumb\"},\"inLanguage\":\"en-GB\",\"potentialAction\":[{\"@type\":\"ReadAction\",\"target\":[\"https:\/\/workvalue.net\/education\/\"]}]},{\"@type\":\"BreadcrumbList\",\"@id\":\"https:\/\/workvalue.net\/education\/#breadcrumb\",\"itemListElement\":[{\"@type\":\"ListItem\",\"position\":1,\"name\":\"Home\",\"item\":\"https:\/\/workvalue.net\/education\/\"},{\"@type\":\"ListItem\",\"position\":2,\"name\":\"Forma\u00e7\u00e3o Executiva\"}]},{\"@type\":\"WebSite\",\"@id\":\"https:\/\/workvalue.net\/education\/#website\",\"url\":\"https:\/\/workvalue.net\/education\/\",\"name\":\"Marketing Mindset Academy\u2122\",\"description\":\"Forma\u00e7\u00e3o Executiva em Marketing\",\"potentialAction\":[{\"@type\":\"SearchAction\",\"target\":{\"@type\":\"EntryPoint\",\"urlTemplate\":\"https:\/\/workvalue.net\/education\/?s={search_term_string}\"},\"query-input\":\"required name=search_term_string\"}],\"inLanguage\":\"en-GB\"}]}<\/script>\n<!-- \/ Yoast SEO plugin. -->","yoast_head_json":{"title":"Forma\u00e7\u00e3o Executiva - Marketing Mindset Academy\u2122","description":"Experi\u00eancias formativas para micro empresas e startups em Estrat\u00e9gia de Marketing. Solu\u00e7\u00f5es pedag\u00f3gicas e servi\u00e7os desenhados \u00e0 medida","robots":{"index":"index","follow":"follow","max-snippet":"max-snippet:-1","max-image-preview":"max-image-preview:large","max-video-preview":"max-video-preview:-1"},"canonical":"https:\/\/workvalue.net\/education\/","og_locale":"en_GB","og_type":"article","og_title":"Forma\u00e7\u00e3o Executiva - Marketing Mindset Academy\u2122","og_description":"Experi\u00eancias formativas para micro empresas e startups em Estrat\u00e9gia de Marketing. Solu\u00e7\u00f5es pedag\u00f3gicas e servi\u00e7os desenhados \u00e0 medida","og_url":"https:\/\/workvalue.net\/education\/","og_site_name":"Marketing Mindset Academy\u2122","article_modified_time":"2023-01-30T13:28:38+00:00","og_image":[{"width":523,"height":272,"url":"https:\/\/workvalue.net\/education\/wp-content\/uploads\/2023\/01\/FIRST-Cover-Facebook2.png","type":"image\/png"}],"twitter_card":"summary_large_image","schema":{"@context":"https:\/\/schema.org","@graph":[{"@type":"WebPage","@id":"https:\/\/workvalue.net\/education\/","url":"https:\/\/workvalue.net\/education\/","name":"Forma\u00e7\u00e3o Executiva - Marketing Mindset Academy\u2122","isPartOf":{"@id":"https:\/\/workvalue.net\/education\/#website"},"datePublished":"2022-07-10T21:08:24+00:00","dateModified":"2023-01-30T13:28:38+00:00","description":"Experi\u00eancias formativas para micro empresas e startups em Estrat\u00e9gia de Marketing. Solu\u00e7\u00f5es pedag\u00f3gicas e servi\u00e7os desenhados \u00e0 medida","breadcrumb":{"@id":"https:\/\/workvalue.net\/education\/#breadcrumb"},"inLanguage":"en-GB","potentialAction":[{"@type":"ReadAction","target":["https:\/\/workvalue.net\/education\/"]}]},{"@type":"BreadcrumbList","@id":"https:\/\/workvalue.net\/education\/#breadcrumb","itemListElement":[{"@type":"ListItem","position":1,"name":"Home","item":"https:\/\/workvalue.net\/education\/"},{"@type":"ListItem","position":2,"name":"Forma\u00e7\u00e3o Executiva"}]},{"@type":"WebSite","@id":"https:\/\/workvalue.net\/education\/#website","url":"https:\/\/workvalue.net\/education\/","name":"Marketing Mindset Academy\u2122","description":"Forma\u00e7\u00e3o Executiva em Marketing","potentialAction":[{"@type":"SearchAction","target":{"@type":"EntryPoint","urlTemplate":"https:\/\/workvalue.net\/education\/?s={search_term_string}"},"query-input":"required name=search_term_string"}],"inLanguage":"en-GB"}]}},"_links":{"self":[{"href":"https:\/\/workvalue.net\/education\/wp-json\/wp\/v2\/pages\/1344"}],"collection":[{"href":"https:\/\/workvalue.net\/education\/wp-json\/wp\/v2\/pages"}],"about":[{"href":"https:\/\/workvalue.net\/education\/wp-json\/wp\/v2\/types\/page"}],"author":[{"embeddable":true,"href":"https:\/\/workvalue.net\/education\/wp-json\/wp\/v2\/users\/1"}],"replies":[{"embeddable":true,"href":"https:\/\/workvalue.net\/education\/wp-json\/wp\/v2\/comments?post=1344"}],"version-history":[{"count":1,"href":"https:\/\/workvalue.net\/education\/wp-json\/wp\/v2\/pages\/1344\/revisions"}],"predecessor-version":[{"id":1346,"href":"https:\/\/workvalue.net\/education\/wp-json\/wp\/v2\/pages\/1344\/revisions\/1346"}],"wp:attachment":[{"href":"https:\/\/workvalue.net\/education\/wp-json\/wp\/v2\/media?parent=1344"}],"curies":[{"name":"wp","href":"https:\/\/api.w.org\/{rel}","templated":true}]}}