{"id":6273,"date":"2022-04-21T16:30:55","date_gmt":"2022-04-21T15:30:55","guid":{"rendered":"https:\/\/workvalue.net\/marketingmindset\/?post_type=product&#038;p=6273"},"modified":"2022-04-21T16:37:41","modified_gmt":"2022-04-21T15:37:41","slug":"marketing-futureland","status":"publish","type":"product","link":"https:\/\/workvalue.net\/books\/product\/marketing-futureland\/","title":{"rendered":"Marketing Futureland"},"content":{"rendered":"<p><strong>NOTA:<\/strong> Venda exclusiva na <a href=\"https:\/\/www.lidel.pt\/pt\/catalogo\/gestao-economia\/marketing-vendas\/marketing-futureland\/\">Editora Lidel<\/a> e nas principais livrarias: <a href=\"https:\/\/www.fnac.pt\/Marketing-Futureland-Antecipacao-e-Resposta-ao-Futuro-do-Marketing-Luiz-Moutinho\/a9811877\">Fnac<\/a> | <a href=\"https:\/\/www.fnac.pt\/Marketing-Futureland-Antecipacao-e-Resposta-ao-Futuro-do-Marketing-Luiz-Moutinho\/a9811877\">Wook<\/a> | <a href=\"https:\/\/www.bertrand.pt\/livro\/marketing-futureland-luiz-moutinho\/26777657\">Bertrand<\/a><\/p>\n<p class=\"preFade fadeIn\">Com pref\u00e1cio do Professor Philip Kotler, este livro faz a viagem pelos novos territ\u00f3rios do marketing, ajudando a desenvolver uma vis\u00e3o relevante sobre como a sociedade poder\u00e1 evoluir nos pr\u00f3ximos tempos, explorando as mais recentes tend\u00eancias e conceitos nas \u00e1reas do marketing que alteram as &#8220;regras do jogo&#8221; e que as empresas e os gestores precisam de descodificar.<\/p>\n<p class=\"sqsrte-large preFade fadeIn\">\u201c<em>Marketing\u00a0Futureland supplies an interesting journey through the new marketing to help your company move from traditional marketing to a new and challenging World of marketing<\/em>\u201d<\/p>\n<p class=\"sqsrte-large preFade fadeIn\"><strong>Professor Philip\u00a0Kotler<\/strong><\/p>\n","protected":false},"excerpt":{"rendered":"<p><strong>NOTA:<\/strong> Venda exclusiva na <a href=\"https:\/\/www.lidel.pt\/pt\/catalogo\/gestao-economia\/marketing-vendas\/marketing-futureland\/\">Editora Lidel<\/a> e nas principais livrarias: <a href=\"https:\/\/www.fnac.pt\/Marketing-Futureland-Antecipacao-e-Resposta-ao-Futuro-do-Marketing-Luiz-Moutinho\/a9811877\">Fnac<\/a> | <a href=\"https:\/\/www.fnac.pt\/Marketing-Futureland-Antecipacao-e-Resposta-ao-Futuro-do-Marketing-Luiz-Moutinho\/a9811877\">Wook<\/a> | <a href=\"https:\/\/www.bertrand.pt\/livro\/marketing-futureland-luiz-moutinho\/26777657\">Bertrand<\/a><\/p>\n<p>O fundamento deste livro \u00e9 fornecer aos gestores e executivos, bem como aos acad\u00e9micos e estudantes, um conjunto substancial de elementos de previs\u00e3o e tend\u00eancias centrais, conceitos, avan\u00e7os, aplica\u00e7\u00f5es, evid\u00eancias e resultados, que est\u00e3o ligados a futuras investiga\u00e7\u00f5es nas \u00e1reas da Gest\u00e3o, Tecnologia e Marketing, bem como a iniciativas aplicadas e estudos relevantes no dom\u00ednio dos neg\u00f3cios e da gest\u00e3o.<\/p>\n","protected":false},"featured_media":6274,"template":"","meta":{"spay_email":""},"_links":{"self":[{"href":"https:\/\/workvalue.net\/books\/wp-json\/wp\/v2\/product\/6273"}],"collection":[{"href":"https:\/\/workvalue.net\/books\/wp-json\/wp\/v2\/product"}],"about":[{"href":"https:\/\/workvalue.net\/books\/wp-json\/wp\/v2\/types\/product"}],"wp:featuredmedia":[{"embeddable":true,"href":"https:\/\/workvalue.net\/books\/wp-json\/wp\/v2\/media\/6274"}],"wp:attachment":[{"href":"https:\/\/workvalue.net\/books\/wp-json\/wp\/v2\/media?parent=6273"}],"curies":[{"name":"wp","href":"https:\/\/api.w.org\/{rel}","templated":true}]}}