{"id":3,"date":"2019-11-20T23:37:21","date_gmt":"2019-11-20T23:37:21","guid":{"rendered":"https:\/\/workvalue.net\/marketingmindset\/?page_id=3"},"modified":"2019-12-20T14:30:09","modified_gmt":"2019-12-20T14:30:09","slug":"privacy-policy","status":"publish","type":"page","link":"https:\/\/workvalue.net\/books\/privacy-policy\/","title":{"rendered":"Pol\u00edtica de Privacidade"},"content":{"rendered":"\n<p><strong>1. IDENTIFICA\u00c7\u00c3O DO RESPONS\u00c1VEL PELO TRATAMENTO<\/strong><\/p>\n\n\n\n<p><\/p>\n\n\n\n<ul><li>Empresa: Work Value Intelligence \u2013 Consultoria,\nTecnologia e Research Unipessoal, Lda (adiante designada por \u201cWVI\u201d)<\/li><li>Sede: Alameda da Guia, 119 \u2013 5 Dto\n2750-370 Cascais<\/li><li>NIPC: 510172067<\/li><li>Contacto Encarregado da Prote\u00e7\u00e3o de\nDados:&nbsp;<a href=\"mailto:mail@workvalue.pt\">mail@workvalue.pt<\/a><\/li><\/ul>\n\n\n\n<p><strong>2. INFORMA\u00c7\u00c3O E CONSENTIMENTO<\/strong><\/p>\n\n\n\n<p>A Lei da Prote\u00e7\u00e3o de Dados Pessoais (adiante designada\npor \u201cLPDP\u201d) e o Regulamento Geral de Prote\u00e7\u00e3o de Dados (Regulamento (UE)\n2016\/679 do Parlamento Europeu e do Conselho de 27 de abril de 2016 (adiante\ndesignado por \u201cRGPD\u201d) asseguram a prote\u00e7\u00e3o das pessoas singulares no que diz\nrespeito ao tratamento de dados pessoais e \u00e0 livre circula\u00e7\u00e3o desses dados.<\/p>\n\n\n\n<p>Nos termos legais s\u00e3o considerados &#8220;dados\npessoais&#8221; qualquer informa\u00e7\u00e3o, de qualquer natureza e independentemente do\nrespetivo suporte, incluindo som e imagem, relativa a uma pessoa singular\nidentificada ou identific\u00e1vel, pelo que a prote\u00e7\u00e3o n\u00e3o abrange os dados de pessoas\ncoletivas.<\/p>\n\n\n\n<p>Mediante a aceita\u00e7\u00e3o da presente Pol\u00edtica de\nPrivacidade o utilizador presta o seu consentimento informado, expresso, livre\ne inequ\u00edvoco para que os dados pessoais fornecidos atrav\u00e9s do site&nbsp;<em>https:\/\/www.marketingmindset.pt\/&nbsp;<\/em>ou<em> https:\/\/workvalue.net\/marketingmindset\/<\/em>\nsejam inclu\u00eddos num ficheiro da responsabilidade da WVI, cujo tratamento\nnos termos da LPDP e do RGPD cumpre as medidas de seguran\u00e7a t\u00e9cnicas e\norganizativas adequadas.<\/p>\n\n\n\n<p>A WVI mant\u00e9m uma base de dados com o registo dos seus\nclientes. Os dados presentes nesta base s\u00e3o unicamente os dados prestados pelos\npr\u00f3prios na altura do seu registo, sendo recolhidos e processados\nautomaticamente, nos termos aprovados pela Comiss\u00e3o Nacional de Prote\u00e7\u00e3o de\nDados (CNPD), pela WVI, entidade respons\u00e1vel pelo correspondente ficheiro.<\/p>\n\n\n\n<p>A WVI possui a sua base de dados registada na CNPD\natrav\u00e9s do processo 2018\/2008.<\/p>\n\n\n\n<p>Em caso algum ser\u00e1 solicitada informa\u00e7\u00e3o sobre\nconvic\u00e7\u00f5es filos\u00f3ficas ou pol\u00edticas, filia\u00e7\u00e3o partid\u00e1ria ou sindical, f\u00e9\nreligiosa, vida privada e origem racial ou \u00e9tnica bem como os dados relativos \u00e0\nsa\u00fade e \u00e0 vida sexual, incluindo os dados gen\u00e9ticos.<br>\nEm caso algum levaremos a cabo qualquer das seguintes atividades com os dados\npessoais que nos sejam facultados atrav\u00e9s deste site:<\/p>\n\n\n\n<ul><li>Ceder a outras pessoas ou outras\nentidades, sem o consentimento pr\u00e9vio do titular dos dados;<\/li><li>Transferir para fora do Espa\u00e7o Econ\u00f3mico\nEuropeu (EEE), sem o consentimento pr\u00e9vio do titular dos dados.<\/li><\/ul>\n\n\n\n<p><strong>3. FINALIDADES DO TRATAMENTO DE DADOS PESSOAIS<\/strong><\/p>\n\n\n\n<p>Os dados pessoais que tratamos atrav\u00e9s desta p\u00e1gina\nser\u00e3o unicamente utilizados para as seguintes finalidades:<\/p>\n\n\n\n<ul><li>Processamento de encomendas;<\/li><li>Comunica\u00e7\u00e3o com clientes e esclarecimento de d\u00favidas;<\/li><li>Processamento de pedidos de informa\u00e7\u00e3o;<\/li><li>Processamento de reclama\u00e7\u00f5es;<\/li><li>Atividades de an\u00e1lise estat\u00edstica;<\/li><li>Verificar, manter e desenvolver sistemas e an\u00e1lises estat\u00edsticas;<\/li><li>Comunica\u00e7\u00f5es de marketing direto (caso\ntenha consentido no tratamento dos seus dados pessoais para esta finalidade);<\/li><li>Preven\u00e7\u00e3o e combate \u00e0 fraude;<\/li><li>Solicita\u00e7\u00e3o de coment\u00e1rios a produtos ou servi\u00e7os adquiridos;<\/li><li>Realiza\u00e7\u00e3o de inqu\u00e9ritos de satisfa\u00e7\u00e3o.<\/li><\/ul>\n\n\n\n<p>A WVI garante a confidencialidade de todos os dados\nfornecidos pelos seus clientes. N\u00e3o obstante a WVI proceder \u00e0 recolha e ao\ntratamento de dados de forma segura e que impede a sua perda ou manipula\u00e7\u00e3o,\nutilizando as t\u00e9cnicas mais aperfei\u00e7oadas para o efeito, informamos que a\nrecolha em rede aberta permite a circula\u00e7\u00e3o dos dados pessoais sem condi\u00e7\u00f5es de\nseguran\u00e7a, correndo o risco de ser vistos e utilizados por terceiros n\u00e3o\nautorizados.<\/p>\n\n\n\n<p>Por outro lado, o utilizador consente que se possa\naceder \u00e0 informa\u00e7\u00e3o relativa ao servi\u00e7o contratado com a WVI com o fim de lhe\npoder oferecer servi\u00e7os adicionais ao contratado.<\/p>\n\n\n\n<p>No momento da recolha dos dados pessoais, salvo nos\ncampos em que for indicado o contr\u00e1rio, o utilizador poder\u00e1, voluntariamente,\ndisponibilizar os dados pessoais, sem que a falta de resposta implique um\ndecr\u00e9scimo na qualidade ou quantidade dos servi\u00e7os correspondentes (a menos que\nesteja indicada outra coisa). N\u00e3o obstante, a falta de resposta aos dados,\nconsiderados obrigat\u00f3rios, implicar\u00e1 a impossibilidade de aceder ao servi\u00e7o\npara o qual os dados foram solicitados.<\/p>\n\n\n\n<p>Caso n\u00e3o concorde com as condi\u00e7\u00f5es acima referidas, a WVI\nn\u00e3o poder\u00e1 contratar com o utilizador atrav\u00e9s da sua p\u00e1gina Web.<\/p>\n\n\n\n<p><strong>4. CESS\u00c3O DE DADOS PESSOAIS<\/strong><\/p>\n\n\n\n<p>Por forma a poder cumprir com o objecto do presente site, a WVI ir\u00e1 ceder os seus dados pessoais a outras entidades, que os ir\u00e3o tratar, para as seguintes finalidades:<\/p>\n\n\n\n<ul><li>Atividades de gest\u00e3o e processamento de pagamentos;<\/li><\/ul>\n\n\n\n<ul><li>Presta\u00e7\u00e3o dos servi\u00e7os contratados.<\/li><\/ul>\n\n\n\n<p>As entidades a quem a WVI ir\u00e1 ceder os seus dados pessoais para os tratarem nos termos acima referidos ter\u00e3o a seguinte natureza:<\/p>\n\n\n\n<ul><li> Entidades terceiras relacionadas com a presta\u00e7\u00e3o dos servi\u00e7os contratados;<\/li><\/ul>\n\n\n\n<ul><li> Entidades de gest\u00e3o e processamento de pagamentos. <\/li><\/ul>\n\n\n\n<p><strong>5. MEDIDAS DE SEGURAN\u00c7A<\/strong><\/p>\n\n\n\n<p>A WVI declara que implementou e continuar\u00e1 a\nimplementar as medidas de seguran\u00e7a de natureza t\u00e9cnica e organizativa\nnecess\u00e1rias para garantir a seguran\u00e7a dos dados de car\u00e1cter pessoal que lhe\nsejam fornecidos visando evitar a sua altera\u00e7\u00e3o, perda, tratamento e\/ou acesso\nn\u00e3o autorizado, tendo em conta o estado atual da tecnologia, a natureza dos dados\narmazenados e os riscos a que est\u00e3o expostos.<\/p>\n\n\n\n<p>A WVI garante a confidencialidade de todos os dados\nfornecidos pelos seus clientes quer no registo, quer no processo de\ncompra\/encomenda de produtos ou servi\u00e7os. A recolha e tratamento de dados realiza-se\nde forma segura e que impede a sua perda ou manipula\u00e7\u00e3o. Todos os dados ser\u00e3o\ninseridos num Servidor Seguro (SSL de 128 bits) que os encripta\/codifica\n(transforma num c\u00f3digo). O utilizador poder\u00e1 verificar que o seu browser \u00e9\nseguro se o s\u00edmbolo do cadeado aparecer ou se o endere\u00e7o come\u00e7ar com https em\nvez de http.<\/p>\n\n\n\n<p>Os dados pessoais s\u00e3o tratados com o n\u00edvel de prote\u00e7\u00e3o\nlegalmente exig\u00edvel para garantir a seguran\u00e7a dos mesmos e evitar a sua\naltera\u00e7\u00e3o, perda, tratamento ou acesso n\u00e3o autorizado, tendo em conta o estado\nda tecnologia, sendo o utilizador consciente e aceitando que as medidas de\nseguran\u00e7a em Internet n\u00e3o s\u00e3o inexpugn\u00e1veis.<\/p>\n\n\n\n<p>A WVI, sempre que aceda a qualquer dado pessoal,\ncompromete-se a:<\/p>\n\n\n\n<ul><li>Armazen\u00e1-los por interm\u00e9dio de medidas\nde seguran\u00e7a, legalmente exig\u00edveis, de natureza t\u00e9cnica e organizacional, que\ngarantam a sua seguran\u00e7a, evitando assim a altera\u00e7\u00e3o, perda, tratamento ou\nacesso n\u00e3o autorizado, em conformidade com o estado da tecnologia em cada\nmomento, a natureza dos dados e os poss\u00edveis riscos a que estejam expostos;<\/li><li>Utilizar os dados exclusivamente para as\nfinalidades previamente definidas;<\/li><li>Certificar-se de que os dados s\u00e3o\ntratados unicamente pelos trabalhadores cuja interven\u00e7\u00e3o seja necess\u00e1ria para a\npresta\u00e7\u00e3o do servi\u00e7o estando os mesmos obrigados ao dever de sigilo e\nconfidencialidade. Existindo a possibilidade de a informa\u00e7\u00e3o ser revelada a\nterceiros, estes devem ser obrigados a guardar a devida confidencialidade em\nconformidade com o previsto neste documento.<\/li><\/ul>\n\n\n\n<p><strong>6. EXERC\u00cdCIO DOS DIREITOS<\/strong><\/p>\n\n\n\n<p>De acordo com as disposi\u00e7\u00f5es da LDPD e do RGPD, o\nutilizador pode exercer a todo o tempo os seus direitos de acesso, retifica\u00e7\u00e3o,\napagamento, limita\u00e7\u00e3o, oposi\u00e7\u00e3o e portabilidade, atrav\u00e9s de solicita\u00e7\u00e3o por\nqualquer do seguinte meio:<\/p>\n\n\n\n<ul><li>E-mail:&nbsp;<a href=\"mailto:dados.pessoais@pt.fnac.com\">mail@workvalue.pt<\/a><\/li><\/ul>\n\n\n\n<p>Caso o utilizador deseje, a qualquer momento, deixar\nde fazer parte da base de dados WVI poder\u00e1 exercer esse direito atrav\u00e9s destes\ncontactos.<\/p>\n\n\n\n<p><strong>7. AUTORIDADE DE CONTROLO<\/strong><\/p>\n\n\n\n<p>A WVI est\u00e1 registada na Comiss\u00e3o Nacional de Prote\u00e7\u00e3o\nde dados.<\/p>\n\n\n\n<p>Nos termos legais, o titular dos dados tem o direito de apresentar uma reclama\u00e7\u00e3o em mat\u00e9ria de protec\u00e7\u00e3o de dados pessoais \u00e0 autoridade de controlo competente, a Comiss\u00e3o Nacional de Protec\u00e7\u00e3o de Dados.<\/p>\n","protected":false},"excerpt":{"rendered":"<p>1. IDENTIFICA\u00c7\u00c3O DO RESPONS\u00c1VEL PELO TRATAMENTO Empresa: Work Value Intelligence \u2013 Consultoria, Tecnologia e Research Unipessoal, Lda (adiante designada por \u201cWVI\u201d) Sede: Alameda da Guia, 119 \u2013 5 Dto 2750-370 Cascais NIPC: 510172067 Contacto Encarregado da Prote\u00e7\u00e3o de Dados:&nbsp;mail@workvalue.pt 2. INFORMA\u00c7\u00c3O E CONSENTIMENTO A Lei &hellip; <\/p>\n","protected":false},"author":1,"featured_media":0,"parent":0,"menu_order":0,"comment_status":"closed","ping_status":"open","template":"","meta":{"spay_email":""},"_links":{"self":[{"href":"https:\/\/workvalue.net\/books\/wp-json\/wp\/v2\/pages\/3"}],"collection":[{"href":"https:\/\/workvalue.net\/books\/wp-json\/wp\/v2\/pages"}],"about":[{"href":"https:\/\/workvalue.net\/books\/wp-json\/wp\/v2\/types\/page"}],"author":[{"embeddable":true,"href":"https:\/\/workvalue.net\/books\/wp-json\/wp\/v2\/users\/1"}],"replies":[{"embeddable":true,"href":"https:\/\/workvalue.net\/books\/wp-json\/wp\/v2\/comments?post=3"}],"version-history":[{"count":2,"href":"https:\/\/workvalue.net\/books\/wp-json\/wp\/v2\/pages\/3\/revisions"}],"predecessor-version":[{"id":500,"href":"https:\/\/workvalue.net\/books\/wp-json\/wp\/v2\/pages\/3\/revisions\/500"}],"wp:attachment":[{"href":"https:\/\/workvalue.net\/books\/wp-json\/wp\/v2\/media?parent=3"}],"curies":[{"name":"wp","href":"https:\/\/api.w.org\/{rel}","templated":true}]}}